{"id":8,"date":"2016-09-20T15:52:17","date_gmt":"2016-09-20T15:52:17","guid":{"rendered":"https:\/\/freiwillige.epectogev.de\/?page_id=8"},"modified":"2017-05-22T15:47:16","modified_gmt":"2017-05-22T15:47:16","slug":"about","status":"publish","type":"page","link":"https:\/\/freiwillige.epectogev.de\/?page_id=8","title":{"rendered":"\u00dcber"},"content":{"rendered":"<p>Dies ist ein Blog des Vereins EPECTO e.V.<\/p>\n<p>Teil unserer Arbeit ist es Freiwilligen unter Weltw\u00e4rts einen Aufenthalt auf den Philippinen zu erm\u00f6glichen.<\/p>\n<p>Auf diesem Blog pr\u00e4sentieren sie ihre Erfahrungen.<\/p>\n<p>&nbsp;<\/p>\n<p>Mehr \u00fcber EPECTO erfahren: <a href=\"http:\/\/epectogev.com\">epectogev.com<\/a><\/p>\n<p>Jetzt <a href=\"http:\/\/www.weltwaerts.de\/de\/eo-detail.html?id=1433\">HIER<\/a> auf Einsatzpl\u00e4tze bewerben!<\/p>\n","protected":false},"excerpt":{"rendered":"<p>Dies ist ein Blog des Vereins EPECTO e.V. Teil unserer Arbeit ist es Freiwilligen unter Weltw\u00e4rts einen Aufenthalt auf den Philippinen zu erm\u00f6glichen. Auf diesem Blog pr\u00e4sentieren sie ihre Erfahrungen. &nbsp; Mehr \u00fcber EPECTO erfahren: epectogev.com Jetzt HIER auf Einsatzpl\u00e4tze bewerben!<\/p>\n","protected":false},"author":2,"featured_media":0,"parent":0,"menu_order":0,"comment_status":"closed","ping_status":"closed","template":"","meta":{"footnotes":""},"class_list":["post-8","page","type-page","status-publish","hentry"],"_links":{"self":[{"href":"https:\/\/freiwillige.epectogev.de\/index.php?rest_route=\/wp\/v2\/pages\/8","targetHints":{"allow":["GET"]}}],"collection":[{"href":"https:\/\/freiwillige.epectogev.de\/index.php?rest_route=\/wp\/v2\/pages"}],"about":[{"href":"https:\/\/freiwillige.epectogev.de\/index.php?rest_route=\/wp\/v2\/types\/page"}],"author":[{"embeddable":true,"href":"https:\/\/freiwillige.epectogev.de\/index.php?rest_route=\/wp\/v2\/users\/2"}],"replies":[{"embeddable":true,"href":"https:\/\/freiwillige.epectogev.de\/index.php?rest_route=%2Fwp%2Fv2%2Fcomments&post=8"}],"version-history":[{"count":5,"href":"https:\/\/freiwillige.epectogev.de\/index.php?rest_route=\/wp\/v2\/pages\/8\/revisions"}],"predecessor-version":[{"id":370,"href":"https:\/\/freiwillige.epectogev.de\/index.php?rest_route=\/wp\/v2\/pages\/8\/revisions\/370"}],"wp:attachment":[{"href":"https:\/\/freiwillige.epectogev.de\/index.php?rest_route=%2Fwp%2Fv2%2Fmedia&parent=8"}],"curies":[{"name":"wp","href":"https:\/\/api.w.org\/{rel}","templated":true}]}}